{"id":447,"date":"2023-09-12T10:08:32","date_gmt":"2023-09-12T10:08:32","guid":{"rendered":"https:\/\/www.voxolib.com\/?page_id=447"},"modified":"2023-09-12T10:18:59","modified_gmt":"2023-09-12T10:18:59","slug":"lp-webcallback","status":"publish","type":"page","link":"https:\/\/www.voxolib.com\/es\/lp-webcallback\/","title":{"rendered":"Transformez vos visiteurs en acheteurs gr\u00e2ce au Webcallback!"},"content":{"rendered":"<p>Avec le WebCallback, appel\u00e9 aussi \u00ab\u00a0click to call\u00a0\u00bb, vos clients et vos prospects vous contactent de mani\u00e8re simple et rapide. Ce service vous permet d&rsquo;optimiser vos taux de conversion en proposant une assistance personnalis\u00e9e et imm\u00e9diate \u00e0 vos visiteurs tout en collectant des informations pr\u00e9cieuses sur leurs besoins et leurs pr\u00e9f\u00e9rences.<\/p>\n\n\n\n<p>Le webcallback est particuli\u00e8rement efficace et adapt\u00e9 pour la vente de produits complexes ou \u00e0 forte valeur ajout\u00e9e, n\u00e9cessitant une explication d\u00e9taill\u00e9e ou un accompagnement personnalis\u00e9. En offrant un rappel gratuit et rapide, vous pouvez d\u00e9rouler le \u00ab\u00a0tapis rouge\u00a0\u00bb et d\u00e9montrer votre disponibilit\u00e9 et votre engagement envers vos clients potentiels.<\/p>\n\n\n\n<p><a href=\"https:\/\/www.voxolib.com\/es\/le-webcallback-ou-clicktocall-comment-ca-marche\/\">Descubra c\u00f3mo funciona nuestro servicio Webcallback.<\/a><\/p>","protected":false},"excerpt":{"rendered":"<p>Avec le WebCallback, appel\u00e9 aussi \u00ab\u00a0click to call\u00a0\u00bb, vos clients et vos prospects vous contactent de mani\u00e8re simple et rapide. Ce service vous permet d&rsquo;optimiser vos taux de conversion en proposant une assistance personnalis\u00e9e et imm\u00e9diate \u00e0 vos visiteurs tout en collectant des informations pr\u00e9cieuses sur leurs besoins et leurs pr\u00e9f\u00e9rences. Le webcallback est particuli\u00e8rement [&hellip;]<\/p>\n","protected":false},"author":1,"featured_media":452,"parent":0,"menu_order":0,"comment_status":"closed","ping_status":"closed","template":"lp_webcallback.php","meta":{"footnotes":""},"class_list":["post-447","page","type-page","status-publish","has-post-thumbnail","hentry"],"_links":{"self":[{"href":"https:\/\/www.voxolib.com\/es\/wp-json\/wp\/v2\/pages\/447","targetHints":{"allow":["GET"]}}],"collection":[{"href":"https:\/\/www.voxolib.com\/es\/wp-json\/wp\/v2\/pages"}],"about":[{"href":"https:\/\/www.voxolib.com\/es\/wp-json\/wp\/v2\/types\/page"}],"author":[{"embeddable":true,"href":"https:\/\/www.voxolib.com\/es\/wp-json\/wp\/v2\/users\/1"}],"replies":[{"embeddable":true,"href":"https:\/\/www.voxolib.com\/es\/wp-json\/wp\/v2\/comments?post=447"}],"version-history":[{"count":3,"href":"https:\/\/www.voxolib.com\/es\/wp-json\/wp\/v2\/pages\/447\/revisions"}],"predecessor-version":[{"id":450,"href":"https:\/\/www.voxolib.com\/es\/wp-json\/wp\/v2\/pages\/447\/revisions\/450"}],"wp:featuredmedia":[{"embeddable":true,"href":"https:\/\/www.voxolib.com\/es\/wp-json\/wp\/v2\/media\/452"}],"wp:attachment":[{"href":"https:\/\/www.voxolib.com\/es\/wp-json\/wp\/v2\/media?parent=447"}],"curies":[{"name":"wp","href":"https:\/\/api.w.org\/{rel}","templated":true}]}}