{"id":361,"date":"2023-04-24T19:46:11","date_gmt":"2023-04-24T19:46:11","guid":{"rendered":"https:\/\/www.voxolib.com\/?page_id=361"},"modified":"2024-01-01T15:36:23","modified_gmt":"2024-01-01T15:36:23","slug":"donnees-personnelles","status":"publish","type":"page","link":"https:\/\/www.voxolib.com\/es\/donnees-personnelles\/","title":{"rendered":"Gesti\u00f3n de datos personales"},"content":{"rendered":"<p>Estamos comprometidos con la protecci\u00f3n de la privacidad de nuestros usuarios y nos tomamos muy en serio la responsabilidad de procesar los datos personales de forma responsable y transparente de acuerdo con el GDPR (Reglamento General de Protecci\u00f3n de Datos) de 2018.<\/p>\n\n\n\n<div id=\"ez-toc-container\" class=\"ez-toc-v2_0_80 counter-hierarchy ez-toc-counter ez-toc-transparent ez-toc-container-direction\">\n<div class=\"ez-toc-title-container\">\n<p class=\"ez-toc-title\" style=\"cursor:inherit\">\u00cdndice<\/p>\n<span class=\"ez-toc-title-toggle\"><a href=\"#\" class=\"ez-toc-pull-right ez-toc-btn ez-toc-btn-xs ez-toc-btn-default ez-toc-toggle\" aria-label=\"Alternar tabla de contenidos\"><span class=\"ez-toc-js-icon-con\"><span class=\"\"><span class=\"eztoc-hide\" style=\"display:none;\">Toggle<\/span><span class=\"ez-toc-icon-toggle-span\"><svg style=\"fill: #000000;color:#000000\" xmlns=\"http:\/\/www.w3.org\/2000\/svg\" class=\"list-377408\" width=\"20px\" height=\"20px\" viewbox=\"0 0 24 24\" fill=\"none\"><path d=\"M6 6H4v2h2V6zm14 0H8v2h12V6zM4 11h2v2H4v-2zm16 0H8v2h12v-2zM4 16h2v2H4v-2zm16 0H8v2h12v-2z\" fill=\"currentColor\"><\/path><\/svg><svg style=\"fill: #000000;color:#000000\" class=\"arrow-unsorted-368013\" xmlns=\"http:\/\/www.w3.org\/2000\/svg\" width=\"10px\" height=\"10px\" viewbox=\"0 0 24 24\" version=\"1.2\" baseprofile=\"tiny\"><path d=\"M18.2 9.3l-6.2-6.3-6.2 6.3c-.2.2-.3.4-.3.7s.1.5.3.7c.2.2.4.3.7.3h11c.3 0 .5-.1.7-.3.2-.2.3-.5.3-.7s-.1-.5-.3-.7zM5.8 14.7l6.2 6.3 6.2-6.3c.2-.2.3-.5.3-.7s-.1-.5-.3-.7c-.2-.2-.4-.3-.7-.3h-11c-.3 0-.5.1-.7.3-.2.2-.3.5-.3.7s.1.5.3.7z\"\/><\/svg><\/span><\/span><\/span><\/a><\/span><\/div>\n<nav><ul class='ez-toc-list ez-toc-list-level-1' ><li class='ez-toc-page-1 ez-toc-heading-level-4'><a class=\"ez-toc-link ez-toc-heading-1\" href=\"https:\/\/www.voxolib.com\/es\/donnees-personnelles\/#Collecte_des_donnees\" >Recogida de datos:<\/a><\/li><li class='ez-toc-page-1 ez-toc-heading-level-4'><a class=\"ez-toc-link ez-toc-heading-2\" href=\"https:\/\/www.voxolib.com\/es\/donnees-personnelles\/#Utilisation_des_donnees\" >Utilizaci\u00f3n de los datos :<\/a><\/li><li class='ez-toc-page-1 ez-toc-heading-level-4'><a class=\"ez-toc-link ez-toc-heading-3\" href=\"https:\/\/www.voxolib.com\/es\/donnees-personnelles\/#Stockage_des_donnees\" >Almacenamiento de datos :<\/a><\/li><li class='ez-toc-page-1 ez-toc-heading-level-4'><a class=\"ez-toc-link ez-toc-heading-4\" href=\"https:\/\/www.voxolib.com\/es\/donnees-personnelles\/#Vos_droits\" >Sus derechos :<\/a><\/li><li class='ez-toc-page-1 ez-toc-heading-level-4'><a class=\"ez-toc-link ez-toc-heading-5\" href=\"https:\/\/www.voxolib.com\/es\/donnees-personnelles\/#Cookies\" >Cookies :<\/a><\/li><li class='ez-toc-page-1 ez-toc-heading-level-4'><a class=\"ez-toc-link ez-toc-heading-6\" href=\"https:\/\/www.voxolib.com\/es\/donnees-personnelles\/#Modifications_de_la_politique_de_confidentialite\" >Cambios en la pol\u00edtica de privacidad :<\/a><\/li><\/ul><\/nav><\/div>\n<h4 class=\"wp-block-heading\"><span class=\"ez-toc-section\" id=\"Collecte_des_donnees\"><\/span>Recogida de datos: <span class=\"ez-toc-section-end\"><\/span><\/h4>\n\n\n\n<p>Recogemos datos personales cuando usted utiliza nuestro sitio web, por ejemplo, cuando crea una cuenta o rellena un formulario de contacto. Los datos que recopilamos pueden incluir su nombre, direcci\u00f3n de correo electr\u00f3nico, n\u00famero de tel\u00e9fono y otra informaci\u00f3n necesaria para prestarle nuestros servicios.<\/p>\n\n\n\n<h4 class=\"wp-block-heading\"><span class=\"ez-toc-section\" id=\"Utilisation_des_donnees\"><\/span>Utilizaci\u00f3n de los datos : <span class=\"ez-toc-section-end\"><\/span><\/h4>\n\n\n\n<p>Utilizamos los datos personales que recopilamos para prestarle servicios, mejorar nuestro sitio web y ponernos en contacto con usted si es necesario. Nunca venderemos ni alquilaremos sus datos personales a terceros sin su consentimiento expl\u00edcito.<\/p>\n\n\n\n<h4 class=\"wp-block-heading\"><span class=\"ez-toc-section\" id=\"Stockage_des_donnees\"><\/span>Almacenamiento de datos : <span class=\"ez-toc-section-end\"><\/span><\/h4>\n\n\n\n<p>Almacenamos sus datos personales de forma segura y los conservamos durante el tiempo necesario para prestarle nuestros servicios o para cumplir la legislaci\u00f3n aplicable, incluido el GDPR. Si desea que eliminemos sus datos personales, p\u00f3ngase en contacto con nosotros en la direcci\u00f3n de correo electr\u00f3nico que se indica a continuaci\u00f3n.<\/p>\n\n\n\n<h4 class=\"wp-block-heading\"><span class=\"ez-toc-section\" id=\"Vos_droits\"><\/span>Sus derechos : <span class=\"ez-toc-section-end\"><\/span><\/h4>\n\n\n\n<p>Tiene derecho a solicitar el acceso a sus datos personales, a rectificarlos o a suprimirlos. Tambi\u00e9n puede oponerse a su tratamiento o solicitar su portabilidad. Si tiene alguna pregunta o desea ejercer alguno de estos derechos, p\u00f3ngase en contacto con nosotros en la siguiente direcci\u00f3n de correo electr\u00f3nico: contact@voxolib.com.<\/p>\n\n\n\n<h4 class=\"wp-block-heading\"><span class=\"ez-toc-section\" id=\"Cookies\"><\/span>Cookies : <span class=\"ez-toc-section-end\"><\/span><\/h4>\n\n\n\n<p>Nuestro sitio web utiliza cookies para mejorar su experiencia de usuario y recopilar informaci\u00f3n sobre c\u00f3mo utiliza nuestro sitio web. Puede controlar el uso de cookies en la configuraci\u00f3n de su navegador.<\/p>\n\n\n\n<h4 class=\"wp-block-heading\"><span class=\"ez-toc-section\" id=\"Modifications_de_la_politique_de_confidentialite\"><\/span>Cambios en la pol\u00edtica de privacidad : <span class=\"ez-toc-section-end\"><\/span><\/h4>\n\n\n\n<p>Nos reservamos el derecho a modificar esta pol\u00edtica de privacidad en cualquier momento. Le recomendamos que consulte esta p\u00e1gina con regularidad para estar al d\u00eda.<\/p>\n\n\n\n<p>Si tiene alguna pregunta o duda sobre la recogida y el uso de sus datos personales, no dude en ponerse en contacto con nosotros en la direcci\u00f3n de correo electr\u00f3nico arriba indicada.<\/p>","protected":false},"excerpt":{"rendered":"<p>Nous sommes engag\u00e9s \u00e0 prot\u00e9ger la vie priv\u00e9e de nos utilisateurs et nous prenons tr\u00e8s au s\u00e9rieux la responsabilit\u00e9 de traiter les donn\u00e9es personnelles de mani\u00e8re responsable et transparente, conform\u00e9ment au RGPD (R\u00e8glement G\u00e9n\u00e9ral sur la Protection des Donn\u00e9es) de 2018. Collecte des donn\u00e9es : Nous collectons des donn\u00e9es personnelles lorsque vous utilisez notre site [&hellip;]<\/p>","protected":false},"author":1,"featured_media":0,"parent":0,"menu_order":0,"comment_status":"closed","ping_status":"closed","template":"","meta":{"footnotes":""},"class_list":["post-361","page","type-page","status-publish","hentry"],"_links":{"self":[{"href":"https:\/\/www.voxolib.com\/es\/wp-json\/wp\/v2\/pages\/361","targetHints":{"allow":["GET"]}}],"collection":[{"href":"https:\/\/www.voxolib.com\/es\/wp-json\/wp\/v2\/pages"}],"about":[{"href":"https:\/\/www.voxolib.com\/es\/wp-json\/wp\/v2\/types\/page"}],"author":[{"embeddable":true,"href":"https:\/\/www.voxolib.com\/es\/wp-json\/wp\/v2\/users\/1"}],"replies":[{"embeddable":true,"href":"https:\/\/www.voxolib.com\/es\/wp-json\/wp\/v2\/comments?post=361"}],"version-history":[{"count":2,"href":"https:\/\/www.voxolib.com\/es\/wp-json\/wp\/v2\/pages\/361\/revisions"}],"predecessor-version":[{"id":363,"href":"https:\/\/www.voxolib.com\/es\/wp-json\/wp\/v2\/pages\/361\/revisions\/363"}],"wp:attachment":[{"href":"https:\/\/www.voxolib.com\/es\/wp-json\/wp\/v2\/media?parent=361"}],"curies":[{"name":"wp","href":"https:\/\/api.w.org\/{rel}","templated":true}]}}