{"id":291,"date":"2023-01-26T10:29:29","date_gmt":"2023-01-26T10:29:29","guid":{"rendered":"https:\/\/www.voxolib.com\/web\/?page_id=291"},"modified":"2023-03-19T12:20:42","modified_gmt":"2023-03-19T12:20:42","slug":"a-propos-de-voxolib","status":"publish","type":"page","link":"https:\/\/www.voxolib.com\/es\/a-propos-de-voxolib\/","title":{"rendered":"Qui\u00e9nes somos"},"content":{"rendered":"<p>VoxoLib est une soci\u00e9t\u00e9 fond\u00e9e par des experts en t\u00e9l\u00e9communication, technologies de l\u2019internet et marketing en ligne capitalisant pr\u00e8s de 20 ans d\u2019exp\u00e9rience dans les m\u00e9tiers du digital.<br><\/p>\n\n\n\n<p>Propos\u00e9s en mode SAAS (Software As A Service) tous les produits et services de VoxoLib, faciles \u00e0 d\u00e9ployer, sont l\u00e0 pour aider les \u00e9diteurs de sites internet et sites marchands dans leur t\u00e2che quotidienne d\u2019acquisition de client\u00e8le mais aussi de fid\u00e9lisation ou encore d\u2019optimisation de leur service client.<\/p>","protected":false},"excerpt":{"rendered":"<p>VoxoLib est une soci\u00e9t\u00e9 fond\u00e9e par des experts en t\u00e9l\u00e9communication, technologies de l\u2019internet et marketing en ligne capitalisant pr\u00e8s de 20 ans d\u2019exp\u00e9rience dans les m\u00e9tiers du digital. Propos\u00e9s en mode SAAS (Software As A Service) tous les produits et services de VoxoLib, faciles \u00e0 d\u00e9ployer, sont l\u00e0 pour aider les \u00e9diteurs de sites internet [&hellip;]<\/p>","protected":false},"author":1,"featured_media":350,"parent":0,"menu_order":0,"comment_status":"closed","ping_status":"closed","template":"apropos_page.php","meta":{"footnotes":""},"class_list":["post-291","page","type-page","status-publish","has-post-thumbnail","hentry"],"_links":{"self":[{"href":"https:\/\/www.voxolib.com\/es\/wp-json\/wp\/v2\/pages\/291","targetHints":{"allow":["GET"]}}],"collection":[{"href":"https:\/\/www.voxolib.com\/es\/wp-json\/wp\/v2\/pages"}],"about":[{"href":"https:\/\/www.voxolib.com\/es\/wp-json\/wp\/v2\/types\/page"}],"author":[{"embeddable":true,"href":"https:\/\/www.voxolib.com\/es\/wp-json\/wp\/v2\/users\/1"}],"replies":[{"embeddable":true,"href":"https:\/\/www.voxolib.com\/es\/wp-json\/wp\/v2\/comments?post=291"}],"version-history":[{"count":4,"href":"https:\/\/www.voxolib.com\/es\/wp-json\/wp\/v2\/pages\/291\/revisions"}],"predecessor-version":[{"id":351,"href":"https:\/\/www.voxolib.com\/es\/wp-json\/wp\/v2\/pages\/291\/revisions\/351"}],"wp:featuredmedia":[{"embeddable":true,"href":"https:\/\/www.voxolib.com\/es\/wp-json\/wp\/v2\/media\/350"}],"wp:attachment":[{"href":"https:\/\/www.voxolib.com\/es\/wp-json\/wp\/v2\/media?parent=291"}],"curies":[{"name":"wp","href":"https:\/\/api.w.org\/{rel}","templated":true}]}}